{"id":1146,"date":"2023-03-10T14:17:56","date_gmt":"2023-03-10T13:17:56","guid":{"rendered":"https:\/\/www.compacwape.be\/?page_id=1146"},"modified":"2026-03-06T16:25:49","modified_gmt":"2026-03-06T15:25:49","slug":"home","status":"publish","type":"page","link":"https:\/\/www.compacwape.be\/de\/","title":{"rendered":"Home"},"content":{"rendered":"\t\t<div data-elementor-type=\"wp-page\" data-elementor-id=\"1146\" class=\"elementor elementor-1146 elementor-557\" data-elementor-post-type=\"page\">\n\t\t\t\t\t\t<section class=\"elementor-section elementor-top-section elementor-element elementor-element-623909b7 elementor-section-height-min-height elementor-section-items-stretch elementor-section-content-middle elementor-section-boxed elementor-section-height-default\" data-id=\"623909b7\" data-element_type=\"section\" data-e-type=\"section\" data-settings=\"{&quot;background_background&quot;:&quot;classic&quot;}\">\n\t\t\t\t\t\t<div class=\"elementor-container elementor-column-gap-no\">\n\t\t\t\t\t<div class=\"elementor-column elementor-col-100 elementor-top-column elementor-element elementor-element-55ae3522\" data-id=\"55ae3522\" data-element_type=\"column\" data-e-type=\"column\">\n\t\t\t<div class=\"elementor-widget-wrap elementor-element-populated\">\n\t\t\t\t\t\t<div class=\"elementor-element elementor-element-78250cf1 elementor-widget elementor-widget-heading\" data-id=\"78250cf1\" data-element_type=\"widget\" data-e-type=\"widget\" data-widget_type=\"heading.default\">\n\t\t\t\t<div class=\"elementor-widget-container\">\n\t\t\t\t\t<h1 class=\"elementor-heading-title elementor-size-default\">Angebote der Energieversorger Vergleich<\/h1>\t\t\t\t<\/div>\n\t\t\t\t<\/div>\n\t\t\t\t<div class=\"elementor-element elementor-element-20e0b882 elementor-widget elementor-widget-heading\" data-id=\"20e0b882\" data-element_type=\"widget\" data-e-type=\"widget\" data-widget_type=\"heading.default\">\n\t\t\t\t<div class=\"elementor-widget-container\">\n\t\t\t\t\t<h5 class=\"elementor-heading-title elementor-size-default\">Vergleich aller Angebote der Strom- und Gasanbieter in der wallonischen Region.<\/h5>\t\t\t\t<\/div>\n\t\t\t\t<\/div>\n\t\t\t\t<div class=\"elementor-element elementor-element-8553e2f elementor-widget elementor-widget-spacer\" data-id=\"8553e2f\" data-element_type=\"widget\" data-e-type=\"widget\" data-widget_type=\"spacer.default\">\n\t\t\t\t<div class=\"elementor-widget-container\">\n\t\t\t\t\t\t\t<div class=\"elementor-spacer\">\n\t\t\t<div class=\"elementor-spacer-inner\"><\/div>\n\t\t<\/div>\n\t\t\t\t\t\t<\/div>\n\t\t\t\t<\/div>\n\t\t\t\t<div class=\"elementor-element elementor-element-90683da elementor-align-center elementor-widget elementor-widget-button\" data-id=\"90683da\" data-element_type=\"widget\" data-e-type=\"widget\" data-widget_type=\"button.default\">\n\t\t\t\t<div class=\"elementor-widget-container\">\n\t\t\t\t\t\t\t\t\t<div class=\"elementor-button-wrapper\">\n\t\t\t\t\t<a class=\"elementor-button elementor-button-link elementor-size-sm\" href=\"https:\/\/www.compacwape.be\/de\/leitfaden-fuer-nutzer\/\">\n\t\t\t\t\t\t<span class=\"elementor-button-content-wrapper\">\n\t\t\t\t\t\t\t\t\t<span class=\"elementor-button-text\">Was m\u00fcssen Sie tun?<\/span>\n\t\t\t\t\t<\/span>\n\t\t\t\t\t<\/a>\n\t\t\t\t<\/div>\n\t\t\t\t\t\t\t\t<\/div>\n\t\t\t\t<\/div>\n\t\t\t\t<div class=\"elementor-element elementor-element-f26d393 elementor-widget elementor-widget-spacer\" data-id=\"f26d393\" data-element_type=\"widget\" data-e-type=\"widget\" data-widget_type=\"spacer.default\">\n\t\t\t\t<div class=\"elementor-widget-container\">\n\t\t\t\t\t\t\t<div class=\"elementor-spacer\">\n\t\t\t<div class=\"elementor-spacer-inner\"><\/div>\n\t\t<\/div>\n\t\t\t\t\t\t<\/div>\n\t\t\t\t<\/div>\n\t\t\t\t<div class=\"elementor-element elementor-element-560a331 elementor-alert-info elementor-widget elementor-widget-alert\" data-id=\"560a331\" data-element_type=\"widget\" data-e-type=\"widget\" data-widget_type=\"alert.default\">\n\t\t\t\t<div class=\"elementor-widget-container\">\n\t\t\t\t\t\t\t<div class=\"elementor-alert\" role=\"alert\">\n\n\t\t\t\t\t\t<span class=\"elementor-alert-title\">Zuletzt aktualisiert\nDie im Vergleichsrechner dargestellten Preise wurden am 06.11.2023 aktualisiert.<\/span>\n\t\t\t\n\t\t\t\n\t\t\t\n\t\t<\/div>\n\t\t\t\t\t\t<\/div>\n\t\t\t\t<\/div>\n\t\t\t\t<div class=\"elementor-element elementor-element-ca9ada2 eael-infobox-content-align--center eael-infobox-icon-bg-shape-none eael-infobox-icon-hover-bg-shape-none elementor-widget elementor-widget-eael-info-box\" data-id=\"ca9ada2\" data-element_type=\"widget\" data-e-type=\"widget\" data-widget_type=\"eael-info-box.default\">\n\t\t\t\t<div class=\"elementor-widget-container\">\n\t\t\t\t\t        <div class=\"eael-infobox icon-on-top\">\n\t            <div class=\"infobox-icon eael-icon-only\">\n\n            \n                            <div class=\"infobox-icon-wrap\">\n                    <i aria-hidden=\"true\" class=\"fas fa-bullhorn\"><\/i>                <\/div>\n            \n            \n        <\/div>\n            <div class=\"infobox-content eael-icon-only\">\n        <div><p><strong>Achtung<\/strong>: Die Preisvoranschl\u00e4ge f\u00fcr Vertr\u00e4ge mit variablen und dynamischen Preisen ber\u00fccksichtigen nicht den Preisanstieg auf den Gro\u00dfhandelsm\u00e4rkten, der auf den Konflikt im Nahen Osten zur\u00fcckzuf\u00fchren ist. Dar\u00fcber hinaus passen einige Anbieter die Bedingungen ihrer Festpreisvertr\u00e4ge an: Es ist unerl\u00e4sslich, die Preislisten zu konsultieren und die besonderen Bedingungen f\u00fcr Festpreisprodukte zu lesen.\u00a0<\/p><\/div>        <\/div>\n            <\/div>\n\n\t\t\t\t\t\t<\/div>\n\t\t\t\t<\/div>\n\t\t\t\t<div class=\"elementor-element elementor-element-5b07405 elementor-widget elementor-widget-shortcode\" data-id=\"5b07405\" data-element_type=\"widget\" data-e-type=\"widget\" data-widget_type=\"shortcode.default\">\n\t\t\t\t<div class=\"elementor-widget-container\">\n\t\t\t\t\t\t\t<div class=\"elementor-shortcode\"><div style=\"width: 100%;\" class=\"container\">\r\n                <iframe id=\"comparator-iframe\" class=\"responsive-iframe\" title=\"CompaCWaPe\"  style=\"width: 100%;\" width=\"100%\" src=\"https:\/\/app.compacwape.be\/de-BE\/?theme=light\"><\/iframe>\r\n            <\/div>\r\n\t\t\t<script type='text\/javascript'>  \r\n\t\t\t\tvar isProsumer = 0;\r\n\t\t\t\tvar stepperStep = 1;\r\n\t\t\t\twindow.addEventListener(\"message\", function(event) {\r\n\t\t\t\t\r\n\t\t\t\tif (event.data.indexOf('resize::') != -1)\r\n\t\t\t\t{\r\n\t\t\t\t\tlet height = parseInt(event.data.replace('resize::', '')) + 20;\r\n\t\t\t\t\tdocument.getElementById(\"comparator-iframe\").style.height = height + 'px';\t\t\t\t\t\r\n\t\t\t\t}\r\n\t\t\t\t\r\n\t\t\t\t\r\n\t\t\t\tif (event.data.indexOf('isProsumer::') != -1)\r\n\t\t\t\t{\r\n\t\t\t\t\tisProsumer = parseInt(event.data.replace('isProsumer::', '')) + 20;\t\t\t\t\t\r\n\t\t\t\t}\t\t\t\t\r\n\t\t\t\t\r\n\t\t\t\tif (event.data.indexOf('stepperStep::') != -1)\r\n\t\t\t\t{\r\n\t\t\t\t\t\r\n\t\t\t\t\t\/\/document.getElementById(\"howToProceed\").scrollIntoView({ behavior: \"smooth\" });\t\t\t\t\t\r\n\t\t\t\t\tdocument.body.scrollIntoView({ behavior: \"smooth\" });\t\t\t\t\t\r\n\t\t\t\t\tstepperStep = parseInt(event.data.replace('stepperStep::', ''));\r\n\t\t\t\t\t\/\/if(stepperStep == 2) document.getElementById(\"ConsumptionAlert\").classList.remove(\"hide\");\r\n\t\t\t\t\tif(stepperStep == 2) elementorProFrontend.modules.popup.showPopup( { id: 1395 } );\r\n\t\t\t\t\t\r\n\t\t\t\t}\t\t\t\t\r\n\t\t\t\t\r\n\r\n\t\t\t\t});\r\n\t\t\t<\/script><\/div>\n\t\t\t\t\t\t<\/div>\n\t\t\t\t<\/div>\n\t\t\t\t\t<\/div>\n\t\t<\/div>\n\t\t\t\t\t<\/div>\n\t\t<\/section>\n\t\t\t\t<\/div>\n\t\t","protected":false},"excerpt":{"rendered":"<p>Angebote der Energieversorger Vergleich Vergleich aller Angebote der Strom- und Gasanbieter in der wallonischen Region. Was m\u00fcssen Sie tun? Zuletzt aktualisiert Die im Vergleichsrechner dargestellten Preise wurden am 06.11.2023 aktualisiert. Achtung: Die Preisvoranschl\u00e4ge f\u00fcr Vertr\u00e4ge mit variablen und dynamischen Preisen ber\u00fccksichtigen nicht den Preisanstieg auf den Gro\u00dfhandelsm\u00e4rkten, der auf den Konflikt im Nahen Osten zur\u00fcckzuf\u00fchren [&hellip;]<\/p>\n","protected":false},"author":1,"featured_media":0,"parent":0,"menu_order":0,"comment_status":"closed","ping_status":"closed","template":"","meta":{"inline_featured_image":false,"footnotes":""},"class_list":["post-1146","page","type-page","status-publish","hentry"],"yoast_head":"<!-- This site is optimized with the Yoast SEO plugin v27.4 - https:\/\/yoast.com\/product\/yoast-seo-wordpress\/ -->\n<title>Home - CWaPE - Comparator<\/title>\n<meta name=\"description\" content=\"Mit diesem Simulator k\u00f6nnen Sie alle Angebote der Strom- und Gasversorger in der Wallonischen Region vergleichen.\" \/>\n<meta name=\"robots\" content=\"index, follow, max-snippet:-1, max-image-preview:large, max-video-preview:-1\" \/>\n<link rel=\"canonical\" href=\"https:\/\/www.compacwape.be\/de\/\" \/>\n<meta property=\"og:locale\" content=\"de_DE\" \/>\n<meta property=\"og:type\" content=\"article\" \/>\n<meta property=\"og:title\" content=\"Home - CWaPE - Comparator\" \/>\n<meta property=\"og:description\" content=\"Mit diesem Simulator k\u00f6nnen Sie alle Angebote der Strom- und Gasversorger in der Wallonischen Region vergleichen.\" \/>\n<meta property=\"og:url\" content=\"https:\/\/www.compacwape.be\/de\/\" \/>\n<meta property=\"og:site_name\" content=\"CWaPE - Comparator\" \/>\n<meta property=\"article:modified_time\" content=\"2026-03-06T15:25:49+00:00\" \/>\n<meta property=\"og:image\" content=\"https:\/\/www.compacwape.be\/wp-content\/uploads\/2023\/02\/logo-cwape.png\" \/>\n\t<meta property=\"og:image:width\" content=\"185\" \/>\n\t<meta property=\"og:image:height\" content=\"66\" \/>\n\t<meta property=\"og:image:type\" content=\"image\/png\" \/>\n<meta name=\"twitter:card\" content=\"summary_large_image\" \/>\n<meta name=\"twitter:label1\" content=\"Gesch\u00e4tzte Lesezeit\" \/>\n\t<meta name=\"twitter:data1\" content=\"1\u00a0Minute\" \/>\n<script type=\"application\/ld+json\" class=\"yoast-schema-graph\">{\"@context\":\"https:\\\/\\\/schema.org\",\"@graph\":[{\"@type\":\"WebPage\",\"@id\":\"https:\\\/\\\/www.compacwape.be\\\/de\\\/\",\"url\":\"https:\\\/\\\/www.compacwape.be\\\/de\\\/\",\"name\":\"Home - CWaPE - Comparator\",\"isPartOf\":{\"@id\":\"https:\\\/\\\/www.compacwape.be\\\/de\\\/#website\"},\"datePublished\":\"2023-03-10T13:17:56+00:00\",\"dateModified\":\"2026-03-06T15:25:49+00:00\",\"description\":\"Mit diesem Simulator k\u00f6nnen Sie alle Angebote der Strom- und Gasversorger in der Wallonischen Region vergleichen.\",\"breadcrumb\":{\"@id\":\"https:\\\/\\\/www.compacwape.be\\\/de\\\/#breadcrumb\"},\"inLanguage\":\"de\",\"potentialAction\":[{\"@type\":\"ReadAction\",\"target\":[\"https:\\\/\\\/www.compacwape.be\\\/de\\\/\"]}]},{\"@type\":\"BreadcrumbList\",\"@id\":\"https:\\\/\\\/www.compacwape.be\\\/de\\\/#breadcrumb\",\"itemListElement\":[{\"@type\":\"ListItem\",\"position\":1,\"name\":\"Accueil\",\"item\":\"https:\\\/\\\/www.compacwape.be\\\/de\\\/\"},{\"@type\":\"ListItem\",\"position\":2,\"name\":\"Home\"}]},{\"@type\":\"WebSite\",\"@id\":\"https:\\\/\\\/www.compacwape.be\\\/de\\\/#website\",\"url\":\"https:\\\/\\\/www.compacwape.be\\\/de\\\/\",\"name\":\"CWaPE - Comparator\",\"description\":\"Comparez l&#039;ensemble des offres propos\u00e9es par les fournisseurs d&#039;\u00e9lectricit\u00e9 et de gaz en R\u00e9gion Wallonne.\",\"publisher\":{\"@id\":\"https:\\\/\\\/www.compacwape.be\\\/de\\\/#organization\"},\"potentialAction\":[{\"@type\":\"SearchAction\",\"target\":{\"@type\":\"EntryPoint\",\"urlTemplate\":\"https:\\\/\\\/www.compacwape.be\\\/de\\\/?s={search_term_string}\"},\"query-input\":{\"@type\":\"PropertyValueSpecification\",\"valueRequired\":true,\"valueName\":\"search_term_string\"}}],\"inLanguage\":\"de\"},{\"@type\":\"Organization\",\"@id\":\"https:\\\/\\\/www.compacwape.be\\\/de\\\/#organization\",\"name\":\"CWAPE\",\"url\":\"https:\\\/\\\/www.compacwape.be\\\/de\\\/\",\"logo\":{\"@type\":\"ImageObject\",\"inLanguage\":\"de\",\"@id\":\"https:\\\/\\\/www.compacwape.be\\\/de\\\/#\\\/schema\\\/logo\\\/image\\\/\",\"url\":\"https:\\\/\\\/www.compacwape.be\\\/wp-content\\\/uploads\\\/2023\\\/02\\\/logo-cwape.png\",\"contentUrl\":\"https:\\\/\\\/www.compacwape.be\\\/wp-content\\\/uploads\\\/2023\\\/02\\\/logo-cwape.png\",\"width\":185,\"height\":66,\"caption\":\"CWAPE\"},\"image\":{\"@id\":\"https:\\\/\\\/www.compacwape.be\\\/de\\\/#\\\/schema\\\/logo\\\/image\\\/\"}}]}<\/script>\n<!-- \/ Yoast SEO plugin. -->","yoast_head_json":{"title":"Home - CWaPE - Comparator","description":"Mit diesem Simulator k\u00f6nnen Sie alle Angebote der Strom- und Gasversorger in der Wallonischen Region vergleichen.","robots":{"index":"index","follow":"follow","max-snippet":"max-snippet:-1","max-image-preview":"max-image-preview:large","max-video-preview":"max-video-preview:-1"},"canonical":"https:\/\/www.compacwape.be\/de\/","og_locale":"de_DE","og_type":"article","og_title":"Home - CWaPE - Comparator","og_description":"Mit diesem Simulator k\u00f6nnen Sie alle Angebote der Strom- und Gasversorger in der Wallonischen Region vergleichen.","og_url":"https:\/\/www.compacwape.be\/de\/","og_site_name":"CWaPE - Comparator","article_modified_time":"2026-03-06T15:25:49+00:00","og_image":[{"width":185,"height":66,"url":"https:\/\/www.compacwape.be\/wp-content\/uploads\/2023\/02\/logo-cwape.png","type":"image\/png"}],"twitter_card":"summary_large_image","twitter_misc":{"Gesch\u00e4tzte Lesezeit":"1\u00a0Minute"},"schema":{"@context":"https:\/\/schema.org","@graph":[{"@type":"WebPage","@id":"https:\/\/www.compacwape.be\/de\/","url":"https:\/\/www.compacwape.be\/de\/","name":"Home - CWaPE - Comparator","isPartOf":{"@id":"https:\/\/www.compacwape.be\/de\/#website"},"datePublished":"2023-03-10T13:17:56+00:00","dateModified":"2026-03-06T15:25:49+00:00","description":"Mit diesem Simulator k\u00f6nnen Sie alle Angebote der Strom- und Gasversorger in der Wallonischen Region vergleichen.","breadcrumb":{"@id":"https:\/\/www.compacwape.be\/de\/#breadcrumb"},"inLanguage":"de","potentialAction":[{"@type":"ReadAction","target":["https:\/\/www.compacwape.be\/de\/"]}]},{"@type":"BreadcrumbList","@id":"https:\/\/www.compacwape.be\/de\/#breadcrumb","itemListElement":[{"@type":"ListItem","position":1,"name":"Accueil","item":"https:\/\/www.compacwape.be\/de\/"},{"@type":"ListItem","position":2,"name":"Home"}]},{"@type":"WebSite","@id":"https:\/\/www.compacwape.be\/de\/#website","url":"https:\/\/www.compacwape.be\/de\/","name":"CWaPE - Comparator","description":"Comparez l&#039;ensemble des offres propos\u00e9es par les fournisseurs d&#039;\u00e9lectricit\u00e9 et de gaz en R\u00e9gion Wallonne.","publisher":{"@id":"https:\/\/www.compacwape.be\/de\/#organization"},"potentialAction":[{"@type":"SearchAction","target":{"@type":"EntryPoint","urlTemplate":"https:\/\/www.compacwape.be\/de\/?s={search_term_string}"},"query-input":{"@type":"PropertyValueSpecification","valueRequired":true,"valueName":"search_term_string"}}],"inLanguage":"de"},{"@type":"Organization","@id":"https:\/\/www.compacwape.be\/de\/#organization","name":"CWAPE","url":"https:\/\/www.compacwape.be\/de\/","logo":{"@type":"ImageObject","inLanguage":"de","@id":"https:\/\/www.compacwape.be\/de\/#\/schema\/logo\/image\/","url":"https:\/\/www.compacwape.be\/wp-content\/uploads\/2023\/02\/logo-cwape.png","contentUrl":"https:\/\/www.compacwape.be\/wp-content\/uploads\/2023\/02\/logo-cwape.png","width":185,"height":66,"caption":"CWAPE"},"image":{"@id":"https:\/\/www.compacwape.be\/de\/#\/schema\/logo\/image\/"}}]}},"_links":{"self":[{"href":"https:\/\/www.compacwape.be\/de\/wp-json\/wp\/v2\/pages\/1146","targetHints":{"allow":["GET"]}}],"collection":[{"href":"https:\/\/www.compacwape.be\/de\/wp-json\/wp\/v2\/pages"}],"about":[{"href":"https:\/\/www.compacwape.be\/de\/wp-json\/wp\/v2\/types\/page"}],"author":[{"embeddable":true,"href":"https:\/\/www.compacwape.be\/de\/wp-json\/wp\/v2\/users\/1"}],"replies":[{"embeddable":true,"href":"https:\/\/www.compacwape.be\/de\/wp-json\/wp\/v2\/comments?post=1146"}],"version-history":[{"count":22,"href":"https:\/\/www.compacwape.be\/de\/wp-json\/wp\/v2\/pages\/1146\/revisions"}],"predecessor-version":[{"id":1658,"href":"https:\/\/www.compacwape.be\/de\/wp-json\/wp\/v2\/pages\/1146\/revisions\/1658"}],"wp:attachment":[{"href":"https:\/\/www.compacwape.be\/de\/wp-json\/wp\/v2\/media?parent=1146"}],"curies":[{"name":"wp","href":"https:\/\/api.w.org\/{rel}","templated":true}]}}