{"id":1224,"date":"2023-06-23T07:32:42","date_gmt":"2023-06-23T05:32:42","guid":{"rendered":"https:\/\/www.compacwape.be\/?page_id=1224"},"modified":"2023-07-05T14:07:51","modified_gmt":"2023-07-05T12:07:51","slug":"disclaimer","status":"publish","type":"page","link":"https:\/\/www.compacwape.be\/de\/disclaimer\/","title":{"rendered":"Disclaimer"},"content":{"rendered":"\t\t<div data-elementor-type=\"wp-page\" data-elementor-id=\"1224\" class=\"elementor elementor-1224 elementor-853\" data-elementor-post-type=\"page\">\n\t\t\t\t\t\t<section class=\"elementor-section elementor-top-section elementor-element elementor-element-20ed208 elementor-section-boxed elementor-section-height-default elementor-section-height-default\" data-id=\"20ed208\" data-element_type=\"section\" data-e-type=\"section\">\n\t\t\t\t\t\t<div class=\"elementor-container elementor-column-gap-default\">\n\t\t\t\t\t<div class=\"elementor-column elementor-col-100 elementor-top-column elementor-element elementor-element-6709393\" data-id=\"6709393\" data-element_type=\"column\" data-e-type=\"column\">\n\t\t\t<div class=\"elementor-widget-wrap elementor-element-populated\">\n\t\t\t\t\t\t<div class=\"elementor-element elementor-element-d3de056 elementor-widget elementor-widget-heading\" data-id=\"d3de056\" data-element_type=\"widget\" data-e-type=\"widget\" data-widget_type=\"heading.default\">\n\t\t\t\t<div class=\"elementor-widget-container\">\n\t\t\t\t\t<h1 class=\"elementor-heading-title elementor-size-default\">Disclaimer<\/h1>\t\t\t\t<\/div>\n\t\t\t\t<\/div>\n\t\t\t\t<div class=\"elementor-element elementor-element-af1e11d elementor-widget elementor-widget-text-editor\" data-id=\"af1e11d\" data-element_type=\"widget\" data-e-type=\"widget\" data-widget_type=\"text-editor.default\">\n\t\t\t\t<div class=\"elementor-widget-container\">\n\t\t\t\t\t\t\t\t\t<p>Achtung, dieses Vergleichsinstrument m\u00f6chte Ihnen eine Idee des j\u00e4hrlichen Rechnungsbetrag geben, um Ihnen bei der Auswahl Ihres Anbieters zu helfen. Falls Sie einen Vertrag mit einem der auf dem Markt anwesenden Anbieter abschlie\u00dfen wollen, sollten Sie die Klauseln des angebotenen Vertrags trotzdem sorgf\u00e4ltig durchlesen. Sie k\u00f6nnen Ihre Energierechnung nicht wegen der Tatsache anfechten, dass sie nicht der vorliegenden Simulation entspricht. Die Regulierungsbeh\u00f6rde f\u00fcr Strom und Gas kann nicht haftbar gemacht werden, falls die hier gegebenen Informationen sich als unvollst\u00e4ndig oder ungenau erweisen sollten.<\/p><p>Die E-Mailadresse der Benutzer wird als streng vertrauliche Information behandelt. Sie wird nicht gespeichert und nicht an Dritte weitergegeben<\/p>\t\t\t\t\t\t\t\t<\/div>\n\t\t\t\t<\/div>\n\t\t\t\t\t<\/div>\n\t\t<\/div>\n\t\t\t\t\t<\/div>\n\t\t<\/section>\n\t\t\t\t<\/div>\n\t\t","protected":false},"excerpt":{"rendered":"<p>Disclaimer Achtung, dieses Vergleichsinstrument m\u00f6chte Ihnen eine Idee des j\u00e4hrlichen Rechnungsbetrag geben, um Ihnen bei der Auswahl Ihres Anbieters zu helfen. Falls Sie einen Vertrag mit einem der auf dem Markt anwesenden Anbieter abschlie\u00dfen wollen, sollten Sie die Klauseln des angebotenen Vertrags trotzdem sorgf\u00e4ltig durchlesen. Sie k\u00f6nnen Ihre Energierechnung nicht wegen der Tatsache anfechten, dass [&hellip;]<\/p>\n","protected":false},"author":1,"featured_media":0,"parent":0,"menu_order":0,"comment_status":"closed","ping_status":"closed","template":"","meta":{"inline_featured_image":false,"footnotes":""},"class_list":["post-1224","page","type-page","status-publish","hentry"],"yoast_head":"<!-- This site is optimized with the Yoast SEO plugin v27.5 - https:\/\/yoast.com\/product\/yoast-seo-wordpress\/ -->\n<title>Disclaimer - CWaPE - Comparator<\/title>\n<meta name=\"robots\" content=\"index, follow, max-snippet:-1, max-image-preview:large, max-video-preview:-1\" \/>\n<link rel=\"canonical\" href=\"https:\/\/www.compacwape.be\/de\/disclaimer\/\" \/>\n<meta property=\"og:locale\" content=\"de_DE\" \/>\n<meta property=\"og:type\" content=\"article\" \/>\n<meta property=\"og:title\" content=\"Disclaimer - CWaPE - Comparator\" \/>\n<meta property=\"og:description\" content=\"Disclaimer Achtung, dieses Vergleichsinstrument m\u00f6chte Ihnen eine Idee des j\u00e4hrlichen Rechnungsbetrag geben, um Ihnen bei der Auswahl Ihres Anbieters zu helfen. Falls Sie einen Vertrag mit einem der auf dem Markt anwesenden Anbieter abschlie\u00dfen wollen, sollten Sie die Klauseln des angebotenen Vertrags trotzdem sorgf\u00e4ltig durchlesen. Sie k\u00f6nnen Ihre Energierechnung nicht wegen der Tatsache anfechten, dass [&hellip;]\" \/>\n<meta property=\"og:url\" content=\"https:\/\/www.compacwape.be\/de\/disclaimer\/\" \/>\n<meta property=\"og:site_name\" content=\"CWaPE - Comparator\" \/>\n<meta property=\"article:modified_time\" content=\"2023-07-05T12:07:51+00:00\" \/>\n<meta property=\"og:image\" content=\"https:\/\/www.compacwape.be\/wp-content\/uploads\/2023\/02\/logo-cwape.png\" \/>\n\t<meta property=\"og:image:width\" content=\"185\" \/>\n\t<meta property=\"og:image:height\" content=\"66\" \/>\n\t<meta property=\"og:image:type\" content=\"image\/png\" \/>\n<meta name=\"twitter:card\" content=\"summary_large_image\" \/>\n<meta name=\"twitter:label1\" content=\"Gesch\u00e4tzte Lesezeit\" \/>\n\t<meta name=\"twitter:data1\" content=\"1\u00a0Minute\" \/>\n<script type=\"application\/ld+json\" class=\"yoast-schema-graph\">{\"@context\":\"https:\\\/\\\/schema.org\",\"@graph\":[{\"@type\":\"WebPage\",\"@id\":\"https:\\\/\\\/www.compacwape.be\\\/de\\\/disclaimer\\\/\",\"url\":\"https:\\\/\\\/www.compacwape.be\\\/de\\\/disclaimer\\\/\",\"name\":\"Disclaimer - CWaPE - Comparator\",\"isPartOf\":{\"@id\":\"https:\\\/\\\/www.compacwape.be\\\/de\\\/#website\"},\"datePublished\":\"2023-06-23T05:32:42+00:00\",\"dateModified\":\"2023-07-05T12:07:51+00:00\",\"breadcrumb\":{\"@id\":\"https:\\\/\\\/www.compacwape.be\\\/de\\\/disclaimer\\\/#breadcrumb\"},\"inLanguage\":\"de\",\"potentialAction\":[{\"@type\":\"ReadAction\",\"target\":[\"https:\\\/\\\/www.compacwape.be\\\/de\\\/disclaimer\\\/\"]}]},{\"@type\":\"BreadcrumbList\",\"@id\":\"https:\\\/\\\/www.compacwape.be\\\/de\\\/disclaimer\\\/#breadcrumb\",\"itemListElement\":[{\"@type\":\"ListItem\",\"position\":1,\"name\":\"Accueil\",\"item\":\"https:\\\/\\\/www.compacwape.be\\\/de\\\/\"},{\"@type\":\"ListItem\",\"position\":2,\"name\":\"Disclaimer\"}]},{\"@type\":\"WebSite\",\"@id\":\"https:\\\/\\\/www.compacwape.be\\\/de\\\/#website\",\"url\":\"https:\\\/\\\/www.compacwape.be\\\/de\\\/\",\"name\":\"CWaPE - Comparator\",\"description\":\"Comparez l&#039;ensemble des offres propos\u00e9es par les fournisseurs d&#039;\u00e9lectricit\u00e9 et de gaz en R\u00e9gion Wallonne.\",\"publisher\":{\"@id\":\"https:\\\/\\\/www.compacwape.be\\\/de\\\/#organization\"},\"potentialAction\":[{\"@type\":\"SearchAction\",\"target\":{\"@type\":\"EntryPoint\",\"urlTemplate\":\"https:\\\/\\\/www.compacwape.be\\\/de\\\/?s={search_term_string}\"},\"query-input\":{\"@type\":\"PropertyValueSpecification\",\"valueRequired\":true,\"valueName\":\"search_term_string\"}}],\"inLanguage\":\"de\"},{\"@type\":\"Organization\",\"@id\":\"https:\\\/\\\/www.compacwape.be\\\/de\\\/#organization\",\"name\":\"CWAPE\",\"url\":\"https:\\\/\\\/www.compacwape.be\\\/de\\\/\",\"logo\":{\"@type\":\"ImageObject\",\"inLanguage\":\"de\",\"@id\":\"https:\\\/\\\/www.compacwape.be\\\/de\\\/#\\\/schema\\\/logo\\\/image\\\/\",\"url\":\"https:\\\/\\\/www.compacwape.be\\\/wp-content\\\/uploads\\\/2023\\\/02\\\/logo-cwape.png\",\"contentUrl\":\"https:\\\/\\\/www.compacwape.be\\\/wp-content\\\/uploads\\\/2023\\\/02\\\/logo-cwape.png\",\"width\":185,\"height\":66,\"caption\":\"CWAPE\"},\"image\":{\"@id\":\"https:\\\/\\\/www.compacwape.be\\\/de\\\/#\\\/schema\\\/logo\\\/image\\\/\"}}]}<\/script>\n<!-- \/ Yoast SEO plugin. -->","yoast_head_json":{"title":"Disclaimer - CWaPE - Comparator","robots":{"index":"index","follow":"follow","max-snippet":"max-snippet:-1","max-image-preview":"max-image-preview:large","max-video-preview":"max-video-preview:-1"},"canonical":"https:\/\/www.compacwape.be\/de\/disclaimer\/","og_locale":"de_DE","og_type":"article","og_title":"Disclaimer - CWaPE - Comparator","og_description":"Disclaimer Achtung, dieses Vergleichsinstrument m\u00f6chte Ihnen eine Idee des j\u00e4hrlichen Rechnungsbetrag geben, um Ihnen bei der Auswahl Ihres Anbieters zu helfen. Falls Sie einen Vertrag mit einem der auf dem Markt anwesenden Anbieter abschlie\u00dfen wollen, sollten Sie die Klauseln des angebotenen Vertrags trotzdem sorgf\u00e4ltig durchlesen. Sie k\u00f6nnen Ihre Energierechnung nicht wegen der Tatsache anfechten, dass [&hellip;]","og_url":"https:\/\/www.compacwape.be\/de\/disclaimer\/","og_site_name":"CWaPE - Comparator","article_modified_time":"2023-07-05T12:07:51+00:00","og_image":[{"width":185,"height":66,"url":"https:\/\/www.compacwape.be\/wp-content\/uploads\/2023\/02\/logo-cwape.png","type":"image\/png"}],"twitter_card":"summary_large_image","twitter_misc":{"Gesch\u00e4tzte Lesezeit":"1\u00a0Minute"},"schema":{"@context":"https:\/\/schema.org","@graph":[{"@type":"WebPage","@id":"https:\/\/www.compacwape.be\/de\/disclaimer\/","url":"https:\/\/www.compacwape.be\/de\/disclaimer\/","name":"Disclaimer - CWaPE - Comparator","isPartOf":{"@id":"https:\/\/www.compacwape.be\/de\/#website"},"datePublished":"2023-06-23T05:32:42+00:00","dateModified":"2023-07-05T12:07:51+00:00","breadcrumb":{"@id":"https:\/\/www.compacwape.be\/de\/disclaimer\/#breadcrumb"},"inLanguage":"de","potentialAction":[{"@type":"ReadAction","target":["https:\/\/www.compacwape.be\/de\/disclaimer\/"]}]},{"@type":"BreadcrumbList","@id":"https:\/\/www.compacwape.be\/de\/disclaimer\/#breadcrumb","itemListElement":[{"@type":"ListItem","position":1,"name":"Accueil","item":"https:\/\/www.compacwape.be\/de\/"},{"@type":"ListItem","position":2,"name":"Disclaimer"}]},{"@type":"WebSite","@id":"https:\/\/www.compacwape.be\/de\/#website","url":"https:\/\/www.compacwape.be\/de\/","name":"CWaPE - Comparator","description":"Comparez l&#039;ensemble des offres propos\u00e9es par les fournisseurs d&#039;\u00e9lectricit\u00e9 et de gaz en R\u00e9gion Wallonne.","publisher":{"@id":"https:\/\/www.compacwape.be\/de\/#organization"},"potentialAction":[{"@type":"SearchAction","target":{"@type":"EntryPoint","urlTemplate":"https:\/\/www.compacwape.be\/de\/?s={search_term_string}"},"query-input":{"@type":"PropertyValueSpecification","valueRequired":true,"valueName":"search_term_string"}}],"inLanguage":"de"},{"@type":"Organization","@id":"https:\/\/www.compacwape.be\/de\/#organization","name":"CWAPE","url":"https:\/\/www.compacwape.be\/de\/","logo":{"@type":"ImageObject","inLanguage":"de","@id":"https:\/\/www.compacwape.be\/de\/#\/schema\/logo\/image\/","url":"https:\/\/www.compacwape.be\/wp-content\/uploads\/2023\/02\/logo-cwape.png","contentUrl":"https:\/\/www.compacwape.be\/wp-content\/uploads\/2023\/02\/logo-cwape.png","width":185,"height":66,"caption":"CWAPE"},"image":{"@id":"https:\/\/www.compacwape.be\/de\/#\/schema\/logo\/image\/"}}]}},"_links":{"self":[{"href":"https:\/\/www.compacwape.be\/de\/wp-json\/wp\/v2\/pages\/1224","targetHints":{"allow":["GET"]}}],"collection":[{"href":"https:\/\/www.compacwape.be\/de\/wp-json\/wp\/v2\/pages"}],"about":[{"href":"https:\/\/www.compacwape.be\/de\/wp-json\/wp\/v2\/types\/page"}],"author":[{"embeddable":true,"href":"https:\/\/www.compacwape.be\/de\/wp-json\/wp\/v2\/users\/1"}],"replies":[{"embeddable":true,"href":"https:\/\/www.compacwape.be\/de\/wp-json\/wp\/v2\/comments?post=1224"}],"version-history":[{"count":4,"href":"https:\/\/www.compacwape.be\/de\/wp-json\/wp\/v2\/pages\/1224\/revisions"}],"predecessor-version":[{"id":1228,"href":"https:\/\/www.compacwape.be\/de\/wp-json\/wp\/v2\/pages\/1224\/revisions\/1228"}],"wp:attachment":[{"href":"https:\/\/www.compacwape.be\/de\/wp-json\/wp\/v2\/media?parent=1224"}],"curies":[{"name":"wp","href":"https:\/\/api.w.org\/{rel}","templated":true}]}}